{"id":112,"date":"2022-03-28T22:11:55","date_gmt":"2022-03-28T20:11:55","guid":{"rendered":"http:\/\/new.ecolesaintjosephdardilly.fr\/?page_id=112"},"modified":"2024-07-16T18:46:58","modified_gmt":"2024-07-16T16:46:58","slug":"le-projet-educatif","status":"publish","type":"page","link":"https:\/\/www.ecolesaintjosephdardilly.fr\/index.php\/le-projet-educatif\/","title":{"rendered":"Le projet \u00e9ducatif"},"content":{"rendered":"\n<p><strong><u>&nbsp;Un projet \u00e9ducatif porteur<\/u><\/strong><\/p>\n\n\n\n<p>&nbsp;L\u2019\u00c9ducation<strong><u> au respect&nbsp;<\/u><\/strong><\/p>\n\n\n\n<p><strong><em>Le respect de soi<\/em><\/strong><\/p>\n\n\n\n<ul>\n<li>C\u2019est \u00eatre conscient de sa valeur en tant que personne humaine. C\u2019est \u00eatre conscient qu\u2019on n\u2019est pas seulement un \u00e9l\u00e8ve qui progresse de classe en classe, mais un petit d\u2019homme en devenir.<\/li>\n\n\n\n<li>C\u2019est accorder de l\u2019attention \u00e0 sa mani\u00e8re de se pr\u00e9senter, de se tenir, de s\u2019exprimer.<\/li>\n<\/ul>\n\n\n\n<p><strong><em>Le respect des autres<\/em><\/strong><\/p>\n\n\n\n<ul>\n<li>C\u2019est dire \u00ab&nbsp;Bonjour&nbsp;\u00bb le matin en entrant en classe ou \u00e0 quelqu\u2019un qui entre dans la classe, \u00ab&nbsp;merci&nbsp;\u00bb et \u00ab&nbsp;au revoir&nbsp;\u00bb.<\/li>\n<\/ul>\n\n\n\n<ul>\n<li>C\u2019est savoir \u00e9couter et comprendre.<\/li>\n<\/ul>\n\n\n\n<ul>\n<li>C\u2019est attendre son tour avant de prendre la parole.<\/li>\n<\/ul>\n\n\n\n<ul>\n<li>C\u2019est faire et respecter le silence en classe, au cours des d\u00e9placements.<\/li>\n<\/ul>\n\n\n\n<ul>\n<li>C\u2019est s\u2019exprimer dans un langage correct en classe, dans la cour, \u00e0 la cantine.<\/li>\n<\/ul>\n\n\n\n<ul>\n<li>C\u2019est conna\u00eetre, comprendre et respecter le r\u00f4le de chaque adulte \u00e0 l\u2019int\u00e9rieur de l\u2019\u00e9cole.<\/li>\n<\/ul>\n\n\n\n<ul>\n<li>C\u2019est savoir que chaque \u00eatre est diff\u00e9rent des autres et que chacun m\u00e9rite le respect.<\/li>\n<\/ul>\n\n\n\n<p><strong><em>Le respect des biens<\/em><\/strong><\/p>\n\n\n\n<ul>\n<li>C\u2019est \u00eatre conscient de la chance de disposer de locaux, d\u2019installations, de mat\u00e9riel, et de la n\u00e9cessit\u00e9 de les prot\u00e9ger, de les maintenir en bon \u00e9tat.<\/li>\n<\/ul>\n\n\n\n<ul>\n<li>C\u2019est comprendre la valeur des choses et l\u2019importance de l\u2019environnement (la faune, la flore, l\u2019\u00eatre vivant.)&nbsp;; c\u2019est lutter contre le gaspillage (eau, papier)&nbsp;; c\u2019est suivre des r\u00e8gles de bonne conduite vis-\u00e0-vis de l\u2019environnement.<\/li>\n<\/ul>\n\n\n\n<p><strong><u>L\u2019\u00e9ducation \u00e0 la confiance<\/u><\/strong><\/p>\n\n\n\n<p>Cette confiance doit \u00eatre partag\u00e9e par tous les acteurs de l\u2019\u00e9cole : les enfants, les adultes de l\u2019\u00e9cole, les parents.<\/p>\n\n\n\n<p><strong>L\u2019enfant<\/strong> a besoin de sentir la confiance des adultes, confiance qui l\u2019encouragera dans son apprentissage. Lui confier des responsabilit\u00e9s \u00e0 la mesure de son \u00e2ge, lui faire tenter de nouvelles choses, lui faire sentir que nous sommes convaincus qu\u2019il y arrivera, c\u2019est participer activement \u00e0 sa r\u00e9ussite.<\/p>\n\n\n\n<p><strong>L\u2019\u00e9quipe \u00e9ducative<\/strong> a aussi besoin de cette confiance et plus particuli\u00e8rement de la part des parents afin de mener \u00e0 bien sa mission. C\u2019est la reconnaissance par les familles du travail accompli.<\/p>\n\n\n\n<p>L\u2019\u00e9cole manifeste sa confiance aux parents en les faisant participer pleinement au projet et \u00e0 la vie de l\u2019\u00e9cole\u00a0: association de parents d\u2019\u00e9l\u00e8ves, organisme de gestion, accompagnements lors des sorties, participation aux travaux d\u2019entretien, au conseil d&#8217;\u00e9tablissement&#8230;<\/p>\n","protected":false},"excerpt":{"rendered":"<p>&nbsp;Un projet \u00e9ducatif porteur &nbsp;L\u2019\u00c9ducation au respect&nbsp; Le respect de soi Le respect des autres Le respect des biens L\u2019\u00e9ducation \u00e0 la confiance Cette confiance [&hellip;]<\/p>\n","protected":false},"author":2,"featured_media":708,"parent":0,"menu_order":0,"comment_status":"closed","ping_status":"closed","template":"","meta":[],"_links":{"self":[{"href":"https:\/\/www.ecolesaintjosephdardilly.fr\/index.php\/wp-json\/wp\/v2\/pages\/112"}],"collection":[{"href":"https:\/\/www.ecolesaintjosephdardilly.fr\/index.php\/wp-json\/wp\/v2\/pages"}],"about":[{"href":"https:\/\/www.ecolesaintjosephdardilly.fr\/index.php\/wp-json\/wp\/v2\/types\/page"}],"author":[{"embeddable":true,"href":"https:\/\/www.ecolesaintjosephdardilly.fr\/index.php\/wp-json\/wp\/v2\/users\/2"}],"replies":[{"embeddable":true,"href":"https:\/\/www.ecolesaintjosephdardilly.fr\/index.php\/wp-json\/wp\/v2\/comments?post=112"}],"version-history":[{"count":6,"href":"https:\/\/www.ecolesaintjosephdardilly.fr\/index.php\/wp-json\/wp\/v2\/pages\/112\/revisions"}],"predecessor-version":[{"id":808,"href":"https:\/\/www.ecolesaintjosephdardilly.fr\/index.php\/wp-json\/wp\/v2\/pages\/112\/revisions\/808"}],"wp:featuredmedia":[{"embeddable":true,"href":"https:\/\/www.ecolesaintjosephdardilly.fr\/index.php\/wp-json\/wp\/v2\/media\/708"}],"wp:attachment":[{"href":"https:\/\/www.ecolesaintjosephdardilly.fr\/index.php\/wp-json\/wp\/v2\/media?parent=112"}],"curies":[{"name":"wp","href":"https:\/\/api.w.org\/{rel}","templated":true}]}}