{"id":115,"date":"2022-03-28T22:12:10","date_gmt":"2022-03-28T20:12:10","guid":{"rendered":"http:\/\/new.ecolesaintjosephdardilly.fr\/?page_id=115"},"modified":"2023-07-09T22:22:02","modified_gmt":"2023-07-09T20:22:02","slug":"le-projet-pedagogique","status":"publish","type":"page","link":"https:\/\/www.ecolesaintjosephdardilly.fr\/index.php\/le-projet-pedagogique\/","title":{"rendered":"Le projet p\u00e9dagogique"},"content":{"rendered":"\n<p><strong>Priorit\u00e9s dans l\u2019enseignement, un projet p\u00e9dagogique construit \u00e0 partir des besoins de l\u2019\u00e9l\u00e8ve<\/strong><\/p>\n\n\n\n<p>L\u2019\u00e9cole Saint-Joseph est une \u00e9cole sous contrat avec l\u2019\u00c9tat. Elle applique les programmes officiels de l\u2019\u00c9ducation Nationale mais reste libre de choisir le rythme de travail de la semaine.<\/p>\n\n\n\n<p>Notre p\u00e9dagogie s\u2019efforce de r\u00e9pondre \u00e0 tous les enfants dans leurs diff\u00e9rences de rythme et de fonctionnement dans les apprentissages. Notre formation nous permet de proposer une p\u00e9dagogie adapt\u00e9e et diff\u00e9renci\u00e9e.<\/p>\n\n\n\n<p><strong>Plusieurs axes nous permettent d\u2019appliquer cette p\u00e9dagogie&nbsp;:<\/strong><\/p>\n\n\n\n<p>Chaque enfant est accompagn\u00e9 au plus loin dans ses capacit\u00e9s scolaires,<\/p>\n\n\n\n<p>Chaque d\u00e9cision concernant le parcours scolaire d\u2019un enfant est prise par une \u00e9quipe \u00e9ducative compos\u00e9e d\u2019enseignants, des parents, et suivant les cas de psychologues, psychomotriciens, orthophonistes, etc.,<\/p>\n\n\n\n<p>L\u2019enfant apprend \u00e0 utiliser ses connaissances dans tous les domaines de la vie,<\/p>\n\n\n\n<p>Il apprend la reconnaissance de l\u2019erreur et le travail \u00e0 partir de l\u2019erreur.<\/p>\n\n\n\n<p>Nous cherchons \u00e0 d\u00e9velopper chez les \u00e9l\u00e8ves les comp\u00e9tences et attitudes n\u00e9cessaires \u00e0 leur r\u00e9ussite scolaire&nbsp;:<\/p>\n\n\n\n<ul><li>Le plaisir d\u2019apprendre, la curiosit\u00e9 intellectuelle,<\/li><li>Le besoin de donner un sens \u00e0 son travail,<\/li><li>Le go\u00fbt de l\u2019effort, du d\u00e9passement de soi,<\/li><li>L\u2019autonomie, l\u2019aptitude au travail en groupe,<\/li><li>La confiance en soi, l\u2019estime de soi, la ma\u00eetrise de soi,<\/li><\/ul>\n\n\n\n<p>&nbsp; La capacit\u00e9 \u00e0 r\u00e9fl\u00e9chir en se donnant des m\u00e9thodes. Ces principes p\u00e9dagogiques permettent \u00e0 l\u2019enfant d\u2019acqu\u00e9rir les outils n\u00e9cessaires (lecture, \u00e9criture, orthographe, calcul, r\u00e9solution de probl\u00e8mes) pour aborder les enseignements du coll\u00e8ge en toute s\u00e9r\u00e9nit\u00e9.<strong><em><u><br><\/u><\/em><\/strong><\/p>\n\n\n\n<h2 class=\"wp-block-heading\">&nbsp;<\/h2>\n","protected":false},"excerpt":{"rendered":"<p>Priorit\u00e9s dans l\u2019enseignement, un projet p\u00e9dagogique construit \u00e0 partir des besoins de l\u2019\u00e9l\u00e8ve L\u2019\u00e9cole Saint-Joseph est une \u00e9cole sous contrat avec l\u2019\u00c9tat. Elle applique les [&hellip;]<\/p>\n","protected":false},"author":2,"featured_media":593,"parent":0,"menu_order":0,"comment_status":"closed","ping_status":"closed","template":"","meta":[],"_links":{"self":[{"href":"https:\/\/www.ecolesaintjosephdardilly.fr\/index.php\/wp-json\/wp\/v2\/pages\/115"}],"collection":[{"href":"https:\/\/www.ecolesaintjosephdardilly.fr\/index.php\/wp-json\/wp\/v2\/pages"}],"about":[{"href":"https:\/\/www.ecolesaintjosephdardilly.fr\/index.php\/wp-json\/wp\/v2\/types\/page"}],"author":[{"embeddable":true,"href":"https:\/\/www.ecolesaintjosephdardilly.fr\/index.php\/wp-json\/wp\/v2\/users\/2"}],"replies":[{"embeddable":true,"href":"https:\/\/www.ecolesaintjosephdardilly.fr\/index.php\/wp-json\/wp\/v2\/comments?post=115"}],"version-history":[{"count":3,"href":"https:\/\/www.ecolesaintjosephdardilly.fr\/index.php\/wp-json\/wp\/v2\/pages\/115\/revisions"}],"predecessor-version":[{"id":710,"href":"https:\/\/www.ecolesaintjosephdardilly.fr\/index.php\/wp-json\/wp\/v2\/pages\/115\/revisions\/710"}],"wp:featuredmedia":[{"embeddable":true,"href":"https:\/\/www.ecolesaintjosephdardilly.fr\/index.php\/wp-json\/wp\/v2\/media\/593"}],"wp:attachment":[{"href":"https:\/\/www.ecolesaintjosephdardilly.fr\/index.php\/wp-json\/wp\/v2\/media?parent=115"}],"curies":[{"name":"wp","href":"https:\/\/api.w.org\/{rel}","templated":true}]}}