{"id":126,"date":"2022-03-28T21:56:54","date_gmt":"2022-03-28T19:56:54","guid":{"rendered":"http:\/\/new.ecolesaintjosephdardilly.fr\/?page_id=126"},"modified":"2025-09-03T21:22:20","modified_gmt":"2025-09-03T19:22:20","slug":"projet-detablissement","status":"publish","type":"page","link":"https:\/\/www.ecolesaintjosephdardilly.fr\/index.php\/projet-detablissement\/","title":{"rendered":"Projet d&#8217;\u00e9tablissement"},"content":{"rendered":"\n<p>L\u2019\u00e9cole est ouverte \u00e0 <strong>tous<\/strong> les enfants, chr\u00e9tiens ou non, dans le respect de chacun.<\/p>\n\n\n\n<p>Le projet d&#8217;\u00e9tablissement est fond\u00e9 sur trois axes : <strong><em><a href=\"https:\/\/www.ecolesaintjosephdardilly.fr\/index.php\/le-projet-educatif\/\" data-type=\"page\" data-id=\"112\">\u00e9ducatif<\/a>, <a href=\"https:\/\/www.ecolesaintjosephdardilly.fr\/index.php\/le-projet-pedagogique\/\" data-type=\"page\" data-id=\"115\">p\u00e9dagogique <\/a>et <a href=\"https:\/\/www.ecolesaintjosephdardilly.fr\/index.php\/la-pastorale\/\" data-type=\"page\" data-id=\"109\">pastoral<\/a><\/em><\/strong>.<\/p>\n\n\n\n<p>La dimension spirituelle est partie int\u00e9grante de l\u2019\u00e9ducation, comme les math\u00e9matiques ou le fran\u00e7ais&nbsp;: c\u2019est la colonne vert\u00e9brale de la vie de l\u2019\u00e9cole.<\/p>\n\n\n\n<p>Pour se construire, l\u2019enfant doit prendre conscience que chacun de ses actes et de ses paroles a des cons\u00e9quences&nbsp;: c\u2019est l\u2019\u00e9ducation \u00e0 la responsabilit\u00e9, au respect et \u00e0 la confiance.<\/p>\n\n\n\n<p>L\u2019enfant est acteur dans ses apprentissages gr\u00e2ce \u00e0 une p\u00e9dagogie adapt\u00e9e \u00e0 ses besoins pour se procurer les bases essentielles.<\/p>\n\n\n\n<p>Ces trois aspects sont pr\u00e9sent\u00e9s dans les pages qui suivent.<\/p>\n\n\n\n<p>Vous trouverez aussi une page sur <a href=\"https:\/\/www.ecolesaintjosephdardilly.fr\/index.php\/un-peu-dhistoire\/\" data-type=\"page\" data-id=\"214\">l&#8217;histoire de l&#8217;\u00e9cole<\/a><\/p>\n\n\n\n<div class=\"wp-block-file\"><object class=\"wp-block-file__embed\" data=\"https:\/\/www.ecolesaintjosephdardilly.fr\/wp-content\/uploads\/2025\/09\/CI-2025-Ens-Catho-mail_compressed.pdf\" type=\"application\/pdf\" style=\"width:100%;height:600px\" aria-label=\"Embed of CI-2025-Ens-Catho-mail_compressed.\"><\/object><a id=\"wp-block-file--media-c54d3036-0df0-4894-9834-c9a178ce7ed4\" href=\"https:\/\/www.ecolesaintjosephdardilly.fr\/wp-content\/uploads\/2025\/09\/CI-2025-Ens-Catho-mail_compressed.pdf\">CI-2025-Ens-Catho-mail_compressed<\/a><a href=\"https:\/\/www.ecolesaintjosephdardilly.fr\/wp-content\/uploads\/2025\/09\/CI-2025-Ens-Catho-mail_compressed.pdf\" class=\"wp-block-file__button wp-element-button\" download aria-describedby=\"wp-block-file--media-c54d3036-0df0-4894-9834-c9a178ce7ed4\">Download<\/a><\/div>\n","protected":false},"excerpt":{"rendered":"<p>L\u2019\u00e9cole est ouverte \u00e0 tous les enfants, chr\u00e9tiens ou non, dans le respect de chacun. Le projet d&#8217;\u00e9tablissement est fond\u00e9 sur trois axes : \u00e9ducatif, [&hellip;]<\/p>\n","protected":false},"author":2,"featured_media":0,"parent":0,"menu_order":0,"comment_status":"closed","ping_status":"closed","template":"","meta":[],"_links":{"self":[{"href":"https:\/\/www.ecolesaintjosephdardilly.fr\/index.php\/wp-json\/wp\/v2\/pages\/126"}],"collection":[{"href":"https:\/\/www.ecolesaintjosephdardilly.fr\/index.php\/wp-json\/wp\/v2\/pages"}],"about":[{"href":"https:\/\/www.ecolesaintjosephdardilly.fr\/index.php\/wp-json\/wp\/v2\/types\/page"}],"author":[{"embeddable":true,"href":"https:\/\/www.ecolesaintjosephdardilly.fr\/index.php\/wp-json\/wp\/v2\/users\/2"}],"replies":[{"embeddable":true,"href":"https:\/\/www.ecolesaintjosephdardilly.fr\/index.php\/wp-json\/wp\/v2\/comments?post=126"}],"version-history":[{"count":7,"href":"https:\/\/www.ecolesaintjosephdardilly.fr\/index.php\/wp-json\/wp\/v2\/pages\/126\/revisions"}],"predecessor-version":[{"id":949,"href":"https:\/\/www.ecolesaintjosephdardilly.fr\/index.php\/wp-json\/wp\/v2\/pages\/126\/revisions\/949"}],"wp:attachment":[{"href":"https:\/\/www.ecolesaintjosephdardilly.fr\/index.php\/wp-json\/wp\/v2\/media?parent=126"}],"curies":[{"name":"wp","href":"https:\/\/api.w.org\/{rel}","templated":true}]}}