{"id":134,"date":"2022-03-28T22:14:52","date_gmt":"2022-03-28T20:14:52","guid":{"rendered":"http:\/\/new.ecolesaintjosephdardilly.fr\/?page_id=134"},"modified":"2025-07-05T12:15:27","modified_gmt":"2025-07-05T10:15:27","slug":"organisation-des-classes","status":"publish","type":"page","link":"https:\/\/www.ecolesaintjosephdardilly.fr\/index.php\/organisation-des-classes\/","title":{"rendered":"L\u2019\u00e9quipe p\u00e9dagogique, \u00e9ducative et administrative\u00a0 de l&#8217;\u00e9cole St Joseph\u00a0\u00a0"},"content":{"rendered":"\n<h3 class=\"wp-block-heading\">\u00c9quipe enseignante :<\/h3>\n\n\n\n<p><\/p>\n\n\n\n<figure class=\"wp-block-image size-full is-resized\"><img decoding=\"async\" loading=\"lazy\" src=\"https:\/\/www.ecolesaintjosephdardilly.fr\/wp-content\/uploads\/2023\/09\/image.png\" alt=\"\" class=\"wp-image-788\" width=\"848\" height=\"485\" srcset=\"https:\/\/www.ecolesaintjosephdardilly.fr\/wp-content\/uploads\/2023\/09\/image.png 676w, https:\/\/www.ecolesaintjosephdardilly.fr\/wp-content\/uploads\/2023\/09\/image-300x172.png 300w\" sizes=\"(max-width: 848px) 100vw, 848px\" \/><\/figure>\n\n\n\n<figure class=\"wp-block-image size-full\"><img decoding=\"async\" loading=\"lazy\" width=\"912\" height=\"419\" src=\"https:\/\/www.ecolesaintjosephdardilly.fr\/wp-content\/uploads\/2025\/02\/image-2.png\" alt=\"\" class=\"wp-image-921\" srcset=\"https:\/\/www.ecolesaintjosephdardilly.fr\/wp-content\/uploads\/2025\/02\/image-2.png 912w, https:\/\/www.ecolesaintjosephdardilly.fr\/wp-content\/uploads\/2025\/02\/image-2-300x138.png 300w, https:\/\/www.ecolesaintjosephdardilly.fr\/wp-content\/uploads\/2025\/02\/image-2-768x353.png 768w\" sizes=\"(max-width: 912px) 100vw, 912px\" \/><\/figure>\n\n\n\n<p><strong><em>\u00c9quipe enseignantes \u00e9l\u00e9mentaires cycle 2 :<\/em><\/strong><\/p>\n\n\n\n<figure class=\"wp-block-image size-large is-style-default\"><img decoding=\"async\" loading=\"lazy\" width=\"1024\" height=\"768\" src=\"https:\/\/www.ecolesaintjosephdardilly.fr\/wp-content\/uploads\/2024\/09\/IMG-20240905-WA0007-2-1024x768.jpg\" alt=\"\" class=\"wp-image-886\" srcset=\"https:\/\/www.ecolesaintjosephdardilly.fr\/wp-content\/uploads\/2024\/09\/IMG-20240905-WA0007-2-1024x768.jpg 1024w, https:\/\/www.ecolesaintjosephdardilly.fr\/wp-content\/uploads\/2024\/09\/IMG-20240905-WA0007-2-300x225.jpg 300w, https:\/\/www.ecolesaintjosephdardilly.fr\/wp-content\/uploads\/2024\/09\/IMG-20240905-WA0007-2-768x576.jpg 768w, https:\/\/www.ecolesaintjosephdardilly.fr\/wp-content\/uploads\/2024\/09\/IMG-20240905-WA0007-2-1536x1152.jpg 1536w, https:\/\/www.ecolesaintjosephdardilly.fr\/wp-content\/uploads\/2024\/09\/IMG-20240905-WA0007-2-600x450.jpg 600w, https:\/\/www.ecolesaintjosephdardilly.fr\/wp-content\/uploads\/2024\/09\/IMG-20240905-WA0007-2.jpg 1600w\" sizes=\"(max-width: 1024px) 100vw, 1024px\" \/><\/figure>\n\n\n\n<p>Elodie Gounelle CE1\/CE2            C\u00e9cile M\u00e9chin CE2          M\u00e9lody Dumont CP\/CE1           H\u00e9l\u00e8ne BOHN CP<\/p>\n\n\n\n<p><\/p>\n\n\n\n<figure class=\"wp-block-image size-full is-resized\"><img decoding=\"async\" loading=\"lazy\" src=\"https:\/\/www.ecolesaintjosephdardilly.fr\/wp-content\/uploads\/2023\/09\/image-2.png\" alt=\"\" class=\"wp-image-790\" width=\"838\" height=\"605\" srcset=\"https:\/\/www.ecolesaintjosephdardilly.fr\/wp-content\/uploads\/2023\/09\/image-2.png 639w, https:\/\/www.ecolesaintjosephdardilly.fr\/wp-content\/uploads\/2023\/09\/image-2-300x216.png 300w\" sizes=\"(max-width: 838px) 100vw, 838px\" \/><\/figure>\n\n\n\n<figure class=\"wp-block-image size-full is-resized\"><img decoding=\"async\" loading=\"lazy\" src=\"https:\/\/www.ecolesaintjosephdardilly.fr\/wp-content\/uploads\/2023\/09\/image-4.png\" alt=\"\" class=\"wp-image-792\" width=\"837\" height=\"401\" srcset=\"https:\/\/www.ecolesaintjosephdardilly.fr\/wp-content\/uploads\/2023\/09\/image-4.png 675w, https:\/\/www.ecolesaintjosephdardilly.fr\/wp-content\/uploads\/2023\/09\/image-4-300x144.png 300w\" sizes=\"(max-width: 837px) 100vw, 837px\" \/><\/figure>\n\n\n\n<p><strong><em>Aides dans les classes \u00e9l\u00e9mentaires<\/em> : <\/strong><\/p>\n\n\n\n<figure class=\"wp-block-image size-large\"><img decoding=\"async\" loading=\"lazy\" width=\"1024\" height=\"768\" src=\"https:\/\/www.ecolesaintjosephdardilly.fr\/wp-content\/uploads\/2024\/09\/IMG-20240905-WA0005-1024x768.jpg\" alt=\"\" class=\"wp-image-887\" srcset=\"https:\/\/www.ecolesaintjosephdardilly.fr\/wp-content\/uploads\/2024\/09\/IMG-20240905-WA0005-1024x768.jpg 1024w, https:\/\/www.ecolesaintjosephdardilly.fr\/wp-content\/uploads\/2024\/09\/IMG-20240905-WA0005-300x225.jpg 300w, https:\/\/www.ecolesaintjosephdardilly.fr\/wp-content\/uploads\/2024\/09\/IMG-20240905-WA0005-768x576.jpg 768w, https:\/\/www.ecolesaintjosephdardilly.fr\/wp-content\/uploads\/2024\/09\/IMG-20240905-WA0005-1536x1152.jpg 1536w, https:\/\/www.ecolesaintjosephdardilly.fr\/wp-content\/uploads\/2024\/09\/IMG-20240905-WA0005-600x450.jpg 600w, https:\/\/www.ecolesaintjosephdardilly.fr\/wp-content\/uploads\/2024\/09\/IMG-20240905-WA0005.jpg 1600w\" sizes=\"(max-width: 1024px) 100vw, 1024px\" \/><\/figure>\n\n\n\n<p>                 Sixtine  Louat                                                     S\u00e9verine Fouillet   <\/p>\n\n\n\n<p><strong><em>AESH :<\/em> <\/strong><\/p>\n\n\n\n<figure class=\"wp-block-image size-full\"><img decoding=\"async\" loading=\"lazy\" width=\"504\" height=\"683\" src=\"https:\/\/www.ecolesaintjosephdardilly.fr\/wp-content\/uploads\/2025\/07\/image.png\" alt=\"\" class=\"wp-image-924\" srcset=\"https:\/\/www.ecolesaintjosephdardilly.fr\/wp-content\/uploads\/2025\/07\/image.png 504w, https:\/\/www.ecolesaintjosephdardilly.fr\/wp-content\/uploads\/2025\/07\/image-221x300.png 221w\" sizes=\"(max-width: 504px) 100vw, 504px\" \/><\/figure>\n\n\n\n<p>                Ariane Quintane                 <\/p>\n\n\n\n<p><strong><em>Administration , comptabilit\u00e9, secr\u00e9tariat :<\/em><\/strong><\/p>\n\n\n\n<figure class=\"wp-block-image size-large\"><img decoding=\"async\" loading=\"lazy\" width=\"1024\" height=\"576\" src=\"https:\/\/www.ecolesaintjosephdardilly.fr\/wp-content\/uploads\/2024\/09\/20230626_094826-1024x576.jpg\" alt=\"\" class=\"wp-image-891\" srcset=\"https:\/\/www.ecolesaintjosephdardilly.fr\/wp-content\/uploads\/2024\/09\/20230626_094826-1024x576.jpg 1024w, https:\/\/www.ecolesaintjosephdardilly.fr\/wp-content\/uploads\/2024\/09\/20230626_094826-300x169.jpg 300w, https:\/\/www.ecolesaintjosephdardilly.fr\/wp-content\/uploads\/2024\/09\/20230626_094826-768x432.jpg 768w, https:\/\/www.ecolesaintjosephdardilly.fr\/wp-content\/uploads\/2024\/09\/20230626_094826-1536x864.jpg 1536w, https:\/\/www.ecolesaintjosephdardilly.fr\/wp-content\/uploads\/2024\/09\/20230626_094826-2048x1152.jpg 2048w\" sizes=\"(max-width: 1024px) 100vw, 1024px\" \/><\/figure>\n\n\n\n<p>Marie-Pierre Belmondo<\/p>\n\n\n\n<figure class=\"wp-block-image size-large\"><img decoding=\"async\" loading=\"lazy\" width=\"1024\" height=\"768\" src=\"https:\/\/www.ecolesaintjosephdardilly.fr\/wp-content\/uploads\/2025\/02\/IMG-20240905-WA0008-1024x768.jpg\" alt=\"\" class=\"wp-image-916\" srcset=\"https:\/\/www.ecolesaintjosephdardilly.fr\/wp-content\/uploads\/2025\/02\/IMG-20240905-WA0008-1024x768.jpg 1024w, https:\/\/www.ecolesaintjosephdardilly.fr\/wp-content\/uploads\/2025\/02\/IMG-20240905-WA0008-300x225.jpg 300w, https:\/\/www.ecolesaintjosephdardilly.fr\/wp-content\/uploads\/2025\/02\/IMG-20240905-WA0008-768x576.jpg 768w, https:\/\/www.ecolesaintjosephdardilly.fr\/wp-content\/uploads\/2025\/02\/IMG-20240905-WA0008-1536x1152.jpg 1536w, https:\/\/www.ecolesaintjosephdardilly.fr\/wp-content\/uploads\/2025\/02\/IMG-20240905-WA0008-600x450.jpg 600w, https:\/\/www.ecolesaintjosephdardilly.fr\/wp-content\/uploads\/2025\/02\/IMG-20240905-WA0008.jpg 1600w\" sizes=\"(max-width: 1024px) 100vw, 1024px\" \/><\/figure>\n\n\n\n<ul>\n<li>Jonathan Charret                   Ewa Szewczyk                Elisabeth Blanchard surveillants cantine garderie<\/li>\n<\/ul>\n","protected":false},"excerpt":{"rendered":"<p>L&#8217;\u00e9quipe p\u00e9dagogique de l&#8217;\u00e9cole<\/p>\n","protected":false},"author":2,"featured_media":453,"parent":0,"menu_order":0,"comment_status":"closed","ping_status":"closed","template":"","meta":[],"_links":{"self":[{"href":"https:\/\/www.ecolesaintjosephdardilly.fr\/index.php\/wp-json\/wp\/v2\/pages\/134"}],"collection":[{"href":"https:\/\/www.ecolesaintjosephdardilly.fr\/index.php\/wp-json\/wp\/v2\/pages"}],"about":[{"href":"https:\/\/www.ecolesaintjosephdardilly.fr\/index.php\/wp-json\/wp\/v2\/types\/page"}],"author":[{"embeddable":true,"href":"https:\/\/www.ecolesaintjosephdardilly.fr\/index.php\/wp-json\/wp\/v2\/users\/2"}],"replies":[{"embeddable":true,"href":"https:\/\/www.ecolesaintjosephdardilly.fr\/index.php\/wp-json\/wp\/v2\/comments?post=134"}],"version-history":[{"count":30,"href":"https:\/\/www.ecolesaintjosephdardilly.fr\/index.php\/wp-json\/wp\/v2\/pages\/134\/revisions"}],"predecessor-version":[{"id":927,"href":"https:\/\/www.ecolesaintjosephdardilly.fr\/index.php\/wp-json\/wp\/v2\/pages\/134\/revisions\/927"}],"wp:featuredmedia":[{"embeddable":true,"href":"https:\/\/www.ecolesaintjosephdardilly.fr\/index.php\/wp-json\/wp\/v2\/media\/453"}],"wp:attachment":[{"href":"https:\/\/www.ecolesaintjosephdardilly.fr\/index.php\/wp-json\/wp\/v2\/media?parent=134"}],"curies":[{"name":"wp","href":"https:\/\/api.w.org\/{rel}","templated":true}]}}