{"id":144,"date":"2022-03-28T22:16:20","date_gmt":"2022-03-28T20:16:20","guid":{"rendered":"http:\/\/new.ecolesaintjosephdardilly.fr\/?page_id=144"},"modified":"2024-07-16T19:06:10","modified_gmt":"2024-07-16T17:06:10","slug":"la-pastorale","status":"publish","type":"page","link":"https:\/\/www.ecolesaintjosephdardilly.fr\/index.php\/la-pastorale\/","title":{"rendered":"La pastorale"},"content":{"rendered":"\n<p>L\u2019annonce de l\u2019Evangile est au c\u0153ur de la mission de l\u2019Enseignement Catholique. A ce titre, elle fait partie int\u00e9grante de la vie scolaire : nous souhaitons que les jeunes qui nous sont confi\u00e9s puissent conna\u00eetre J\u00e9sus-Christ au cours de leur scolarit\u00e9. De nombreux jeunes, baptis\u00e9s ou non, cherchent \u00e0 rencontrer des t\u00e9moins, \u00e0 d\u00e9couvrir des rep\u00e8res, \u00e0 acqu\u00e9rir des valeurs authentiques. La pr\u00e9occupation de toute la communaut\u00e9 \u00e9ducative est de les accompagner dans leur r\u00e9flexion personnelle et leurs interrogations spirituelles.<\/p>\n\n\n\n<h2 class=\"wp-block-heading\">B\u00e2tir sa foi sur des fondements solides<\/h2>\n\n\n\n<p>Dans un monde marqu\u00e9 par de multiples courants de pens\u00e9es, l\u2019Eglise d\u00e9fend fermement la libert\u00e9. Or la libert\u00e9 v\u00e9ritable suppose une connaissance : on ne peut choisir ce qu\u2019on ignore. Certains \u00e9l\u00e8ves n\u2019ont pas entendu parler de l\u2019\u00c9vangile. Cette premi\u00e8re annonce doit permettre \u00e0 chacun de conna\u00eetre Dieu, de grandir dans la foi, de construire sa vie sur les valeurs \u00e9vang\u00e9liques.<\/p>\n\n\n\n<h2 class=\"wp-block-heading\">Une formation pour tous<\/h2>\n\n\n\n<p>Chaque semaine, gr\u00e2ce \u00e0 la participation de parents b\u00e9n\u00e9voles et de professeurs, un temps de cat\u00e9ch\u00e8se pour tous est int\u00e9gr\u00e9 \u00e0 l\u2019emploi du temps, jusqu\u2019en CM2. Culture chr\u00e9tienne, connaissance des Ecritures, r\u00e9flexion en petits groupes, temps de pri\u00e8re, proposition des sacrements, c\u00e9l\u00e9brations, temps forts, rencontres avec des t\u00e9moins, participation \u00e0 des actions de partage\u2026 font partie de la formation chr\u00e9tienne \u00e0 chaque niveau, tout au long de la scolarit\u00e9.<\/p>\n\n\n\n<h2 class=\"wp-block-heading\">Des \u00e9quipes pastorales<\/h2>\n\n\n\n<p>Des \u00e9quipes pastorales sont en place sous la responsabilit\u00e9 du chef d\u2019\u00e9tablissement. En lien avec le pr\u00eatre r\u00e9f\u00e9rent, leur r\u00f4le est de coordonner la vie pastorale : proposer et organiser la formation chr\u00e9tienne pour les jeunes et les adultes, appeler les parents \u00e0 participer \u00e0 la cat\u00e9ch\u00e8se, vivre des c\u00e9l\u00e9brations.<\/p>\n\n\n\n<h3 class=\"wp-block-heading\">&#8220;Viens suis-moi&#8221;<\/h3>\n\n\n<div class=\"wp-block-image\">\n<figure class=\"alignright size-large is-resized\"><img decoding=\"async\" loading=\"lazy\" src=\"https:\/\/www.ecolesaintjosephdardilly.fr\/wp-content\/uploads\/2023\/07\/image-31-1024x817.png\" alt=\"\" class=\"wp-image-778\" width=\"526\" height=\"419\" srcset=\"https:\/\/www.ecolesaintjosephdardilly.fr\/wp-content\/uploads\/2023\/07\/image-31-1024x817.png 1024w, https:\/\/www.ecolesaintjosephdardilly.fr\/wp-content\/uploads\/2023\/07\/image-31-300x239.png 300w, https:\/\/www.ecolesaintjosephdardilly.fr\/wp-content\/uploads\/2023\/07\/image-31-768x613.png 768w, https:\/\/www.ecolesaintjosephdardilly.fr\/wp-content\/uploads\/2023\/07\/image-31-1536x1226.png 1536w, https:\/\/www.ecolesaintjosephdardilly.fr\/wp-content\/uploads\/2023\/07\/image-31-2048x1635.png 2048w\" sizes=\"(max-width: 526px) 100vw, 526px\" \/><\/figure><\/div>\n\n\n<p>Du <strong>CP au CE2, <\/strong>nous nous appuyons sur la m\u00e9thode \u00ab&nbsp;Viens, Suis-moi&nbsp;\u00bb .<\/p>\n\n\n\n<p>Ce parcours est un cheminement de vie chr\u00e9tienne au service de la transmission de la foi pour les enfants du CP au CE2 , ( 6 \u00e0 9 ans) et suit une progression au fil des ann\u00e9es.<\/p>\n\n\n\n<p>Ce cheminement est n\u00e9 en France. Des \u00e9ducatrices d\u00e9siraient r\u00e9pondre \u00e0 la soif de Dieu per\u00e7ue par les enfants et cherchaient comment y r\u00e9pondre.<br>Les auteurs, le P\u00e8re Benoit Caulle et Anne-Marie Le Bourhis se sont appuy\u00e9s sur l\u2019enseignement du P\u00e8re Marie-Eug\u00e8ne de l\u2019enfant-J\u00e9sus<em> (carme, fondateur de l\u2019Institut Notre Dame de Vie ) <\/em>qui ne cessait d\u2019affirmer&nbsp;:&#8221; Les enfants sont capables de Dieu&#8230;Le connaitre et l\u2019aimer est l\u2019exp\u00e9rience fondamentale \u00e0 leur proposer.&#8221;.<\/p>\n\n\n\n<p>La mise en \u0153uvre de ce cheminement engage les cat\u00e9chistes dans une \u00e9ducation de l\u2019enfant en consid\u00e9rant les diff\u00e9rentes dimensions de sa vie. Elle comporte&nbsp;:<\/p>\n\n\n\n<ul>\n<li>une relation \u00e0 Dieu dans la foi et la pri\u00e8re,<\/li>\n\n\n\n<li>une entr\u00e9e dans l\u2019\u00e9criture sainte et l\u2019histoire du Salut,<\/li>\n\n\n\n<li>une initiation \u00e0 la vie liturgique et sacramentelle,<\/li>\n\n\n\n<li>une vie dans le Christ,<\/li>\n\n\n\n<li>la relation aux autres,<\/li>\n\n\n\n<li>la d\u00e9couverte de l\u2019Eglise.<\/li>\n<\/ul>\n\n\n\n<p><a href=\"https:\/\/www.notredamedevie.org\/catechese\/viens-suis-moi\/\" target=\"_blank\" rel=\"noreferrer noopener\">https:\/\/www.notredamedevie.org\/catechese\/viens-suis-moi\/<\/a><\/p>\n\n\n\n<h3 class=\"wp-block-heading\">Parcours Dieu avec nous<\/h3>\n\n\n\n<p>Du <strong>CM1 au CM2<\/strong><strong>, <\/strong>nous suivons le Parcours \u00ab&nbsp;Dieu avec Nous&nbsp;\u00bb.<\/p>\n\n\n<div class=\"wp-block-image\">\n<figure class=\"alignleft size-full\"><img decoding=\"async\" loading=\"lazy\" width=\"222\" height=\"300\" src=\"https:\/\/www.ecolesaintjosephdardilly.fr\/wp-content\/uploads\/2023\/07\/KTM-Dieu-avec-nous-Parcours-A-Livre-enfant-222x300-1.jpg\" alt=\"\" class=\"wp-image-769\" \/><\/figure><\/div>\n\n\n<p>Ce parcours permet 4 objectifs:<\/p>\n\n\n\n<ul>\n<li>Rencontrer, aimer et connaitre Dieu (rencontre personnelle)<\/li>\n\n\n\n<li>Former les enfants afin qu\u2019ils aient une colonne vert\u00e9brale spirituelle se basant sur :\n<ul>\n<li>l\u2019amour de la Parole de Dieu&nbsp;&nbsp;&nbsp;&nbsp;&nbsp;&nbsp;&nbsp;&nbsp;&nbsp;<\/li>\n\n\n\n<li>la connaissance du Cat\u00e9chisme de l\u2019Eglise Catholique (adapt\u00e9 aux enfants)<\/li>\n<\/ul>\n<\/li>\n\n\n\n<li>Apprendre aux enfants \u00e0 prier Apprendre aux enfants d\u2019avancer sur le chemin de la saintet\u00e9<\/li>\n<\/ul>\n\n\n\n<p><a href=\"https:\/\/catechisme-emmanuel.com\/\" target=\"_blank\" rel=\"noreferrer noopener\">Cat\u00e9chisme Emmanuel<\/a><\/p>\n\n\n\n<p><\/p>\n\n\n\n<h2 class=\"wp-block-heading\">La Pastorale<\/h2>\n\n\n\n<figure class=\"wp-block-gallery has-nested-images columns-default is-cropped wp-block-gallery-1 is-layout-flex\">\n<figure class=\"wp-block-image size-large\"><img decoding=\"async\" loading=\"lazy\" width=\"927\" height=\"704\" data-id=\"601\"  src=\"http:\/\/new.ecolesaintjosephdardilly.fr\/wp-content\/uploads\/2023\/07\/image-15.png\" alt=\"\" class=\"wp-image-601\" srcset=\"https:\/\/www.ecolesaintjosephdardilly.fr\/wp-content\/uploads\/2023\/07\/image-15.png 927w, https:\/\/www.ecolesaintjosephdardilly.fr\/wp-content\/uploads\/2023\/07\/image-15-300x228.png 300w, https:\/\/www.ecolesaintjosephdardilly.fr\/wp-content\/uploads\/2023\/07\/image-15-768x583.png 768w\" sizes=\"(max-width: 927px) 100vw, 927px\" \/><figcaption class=\"wp-element-caption\">Chapelle de l&#8217;\u00e9cole<\/figcaption><\/figure>\n\n\n\n<figure class=\"wp-block-image size-large\"><img decoding=\"async\" loading=\"lazy\" width=\"598\" height=\"892\" data-id=\"582\"  src=\"http:\/\/new.ecolesaintjosephdardilly.fr\/wp-content\/uploads\/2023\/07\/image-6.png\" alt=\"\" class=\"wp-image-582\" srcset=\"https:\/\/www.ecolesaintjosephdardilly.fr\/wp-content\/uploads\/2023\/07\/image-6.png 598w, https:\/\/www.ecolesaintjosephdardilly.fr\/wp-content\/uploads\/2023\/07\/image-6-201x300.png 201w\" sizes=\"(max-width: 598px) 100vw, 598px\" \/><figcaption class=\"wp-element-caption\">Statue de la Sainte Vierge<\/figcaption><\/figure>\n\n\n\n<figure class=\"wp-block-image size-large\"><img decoding=\"async\" loading=\"lazy\" width=\"615\" height=\"927\" data-id=\"580\"  src=\"http:\/\/new.ecolesaintjosephdardilly.fr\/wp-content\/uploads\/2023\/07\/image-5.png\" alt=\"\" class=\"wp-image-580\" srcset=\"https:\/\/www.ecolesaintjosephdardilly.fr\/wp-content\/uploads\/2023\/07\/image-5.png 615w, https:\/\/www.ecolesaintjosephdardilly.fr\/wp-content\/uploads\/2023\/07\/image-5-199x300.png 199w\" sizes=\"(max-width: 615px) 100vw, 615px\" \/><figcaption class=\"wp-element-caption\">Ch\u0153ur de la chapelle de l&#8217;\u00e9cole<\/figcaption><\/figure>\n<\/figure>\n\n\n\n<ul>\n<li>Un temps chaque semaine de pri\u00e8re dans la chapelle de l\u2019\u00e9cole, encadr\u00e9 par un parent de la Pastorale ou un enseignant.<\/li>\n\n\n\n<li>Des c\u00e9l\u00e9brations et messes\u00a0 tout au long de l\u2019ann\u00e9e: b\u00e9n\u00e9diction des \u00e9l\u00e8ves, f\u00eate de\u00a0 l\u2019Immacul\u00e9e Conception, c\u00e9l\u00e9bration de No\u00ebl, la Saint Joseph, la semaine Sainte, l\u2019animation de la messe de chacune des classe <em>(du CP au CM2), <\/em>la messe de fin d\u2019ann\u00e9e\u2026<\/li>\n\n\n\n<li>Proposition d\u2019un temps d\u2019adoration du Saint Sacrement une fois par semaine, pendant le temps du Car\u00eame, anim\u00e9e par les Parents de la Pastorale.<\/li>\n\n\n\n<li>Pr\u00e9paration \u00e0 la 1<sup>\u00e8re<\/sup> communion (\u00e0 partir du CM1), encadr\u00e9es par des Parents de la Pastorale.<\/li>\n\n\n\n<li>Proposition d\u2019un temps de confession (\u00e0 partir du CE2) pendant le temps du Car\u00eame avec la pr\u00e9sence des pr\u00eatres de l\u2019ensemble paroissial.<\/li>\n\n\n\n<li>Actions solidaires pendant les temps de l\u2019Avent et du Car\u00eame en lien avec l\u2019Apel et l\u2019\u00e9cole.<\/li>\n<\/ul>\n\n\n<div class=\"wp-block-image\">\n<figure class=\"aligncenter size-large\"><img decoding=\"async\" loading=\"lazy\" width=\"1024\" height=\"576\" src=\"http:\/\/www.ecolesaintjosephdardilly.fr\/wp-content\/uploads\/2023\/07\/PASTO-2023-2024-1-1024x576.jpg\" alt=\"\" class=\"wp-image-764\" srcset=\"https:\/\/www.ecolesaintjosephdardilly.fr\/wp-content\/uploads\/2023\/07\/PASTO-2023-2024-1-1024x576.jpg 1024w, https:\/\/www.ecolesaintjosephdardilly.fr\/wp-content\/uploads\/2023\/07\/PASTO-2023-2024-1-300x169.jpg 300w, https:\/\/www.ecolesaintjosephdardilly.fr\/wp-content\/uploads\/2023\/07\/PASTO-2023-2024-1-768x432.jpg 768w, https:\/\/www.ecolesaintjosephdardilly.fr\/wp-content\/uploads\/2023\/07\/PASTO-2023-2024-1.jpg 1280w\" sizes=\"(max-width: 1024px) 100vw, 1024px\" \/><\/figure><\/div>\n\n<div class=\"wp-block-image\">\n<figure class=\"aligncenter size-large\"><img decoding=\"async\" loading=\"lazy\" width=\"1024\" height=\"576\" src=\"http:\/\/www.ecolesaintjosephdardilly.fr\/wp-content\/uploads\/2023\/07\/PASTO-2023-2024-2-1024x576.jpg\" alt=\"\" class=\"wp-image-765\" srcset=\"https:\/\/www.ecolesaintjosephdardilly.fr\/wp-content\/uploads\/2023\/07\/PASTO-2023-2024-2-1024x576.jpg 1024w, https:\/\/www.ecolesaintjosephdardilly.fr\/wp-content\/uploads\/2023\/07\/PASTO-2023-2024-2-300x169.jpg 300w, https:\/\/www.ecolesaintjosephdardilly.fr\/wp-content\/uploads\/2023\/07\/PASTO-2023-2024-2-768x432.jpg 768w, https:\/\/www.ecolesaintjosephdardilly.fr\/wp-content\/uploads\/2023\/07\/PASTO-2023-2024-2.jpg 1280w\" sizes=\"(max-width: 1024px) 100vw, 1024px\" \/><\/figure><\/div>","protected":false},"excerpt":{"rendered":"<p>L\u2019annonce de l\u2019Evangile est au c\u0153ur de la mission de l\u2019Enseignement Catholique. A ce titre, elle fait partie int\u00e9grante de la vie scolaire : nous [&hellip;]<\/p>\n","protected":false},"author":2,"featured_media":395,"parent":0,"menu_order":0,"comment_status":"closed","ping_status":"closed","template":"","meta":[],"_links":{"self":[{"href":"https:\/\/www.ecolesaintjosephdardilly.fr\/index.php\/wp-json\/wp\/v2\/pages\/144"}],"collection":[{"href":"https:\/\/www.ecolesaintjosephdardilly.fr\/index.php\/wp-json\/wp\/v2\/pages"}],"about":[{"href":"https:\/\/www.ecolesaintjosephdardilly.fr\/index.php\/wp-json\/wp\/v2\/types\/page"}],"author":[{"embeddable":true,"href":"https:\/\/www.ecolesaintjosephdardilly.fr\/index.php\/wp-json\/wp\/v2\/users\/2"}],"replies":[{"embeddable":true,"href":"https:\/\/www.ecolesaintjosephdardilly.fr\/index.php\/wp-json\/wp\/v2\/comments?post=144"}],"version-history":[{"count":24,"href":"https:\/\/www.ecolesaintjosephdardilly.fr\/index.php\/wp-json\/wp\/v2\/pages\/144\/revisions"}],"predecessor-version":[{"id":818,"href":"https:\/\/www.ecolesaintjosephdardilly.fr\/index.php\/wp-json\/wp\/v2\/pages\/144\/revisions\/818"}],"wp:featuredmedia":[{"embeddable":true,"href":"https:\/\/www.ecolesaintjosephdardilly.fr\/index.php\/wp-json\/wp\/v2\/media\/395"}],"wp:attachment":[{"href":"https:\/\/www.ecolesaintjosephdardilly.fr\/index.php\/wp-json\/wp\/v2\/media?parent=144"}],"curies":[{"name":"wp","href":"https:\/\/api.w.org\/{rel}","templated":true}]}}