{"id":148,"date":"2022-03-28T22:17:20","date_gmt":"2022-03-28T20:17:20","guid":{"rendered":"http:\/\/new.ecolesaintjosephdardilly.fr\/?page_id=148"},"modified":"2025-07-05T12:16:28","modified_gmt":"2025-07-05T10:16:28","slug":"les-activites-sportives-et-culturelles","status":"publish","type":"page","link":"https:\/\/www.ecolesaintjosephdardilly.fr\/index.php\/les-activites-sportives-et-culturelles\/","title":{"rendered":"Les activit\u00e9s sportives et culturelles"},"content":{"rendered":"\n<h3 class=\"wp-block-heading\">Le sport \u00e0 St Joseph<\/h3>\n\n\n\n<p><strong>Motricit\u00e9 :<\/strong><\/p>\n\n\n\n<p>S\u00e9ances de motricit\u00e9 pour les classes maternelles assur\u00e9es par les enseignantes.<br><br><strong>Education physique et sportive :<\/strong><\/p>\n\n\n\n<p>Du CP au CM2, des cours d&#8217;\u00e9ducation physiques et sportives sont assur\u00e9s par un professeur selon un projet et une progression par classe \u00e0 raison de deux s\u00e9ances par semaine pour chaque classe.<\/p>\n\n\n\n<p><strong><em>En plus des activit\u00e9s sportives encadr\u00e9es par le professeur de chaque classe, l\u2019\u00e9cole St Joseph propose&nbsp;:<\/em><\/strong><\/p>\n\n\n\n<ul>\n<li>de la natation de la GS au CE1 et la classe de CM2<\/li>\n\n\n\n<li>de l\u2019escrime et du fleuret en CE2,<\/li>\n\n\n\n<li>des boules lyonnaises en CM1,<\/li>\n\n\n\n<li>de l\u2019escalade en  CM2,<\/li>\n<\/ul>\n\n\n\n<p><strong>D\u00e9couverte de l&#8217;eau pour le cycle 2<\/strong><br>(GS, CP, CE1) :<\/p>\n\n\n\n<p>Pour les enfants de CP et CE1, des cours de natation et des jeux aquatiques sont propos\u00e9s \u00e0 la piscine d\u2019\u00c9cully.<\/p>\n\n\n\n<ul>\n<li>CE1 : premi\u00e8re ou deuxi\u00e8me partie de l&#8217;ann\u00e9e,<\/li>\n\n\n\n<li>GS\/ CP : seconde partie de l&#8217;ann\u00e9e,<\/li>\n<\/ul>\n\n\n\n<p>Ces activit\u00e9s peuvent avoir lieu gr\u00e2ce \u00e0 une aide municipale d\u00e9di\u00e9e.<\/p>\n\n\n\n<h3 class=\"wp-block-heading\">La musique \u00e0 St Joseph<\/h3>\n\n\n\n<p>Les \u00e9l\u00e8ves de CE2 participent activement \u00e0 un projet \u00ab orchestre \u00e0 l\u2019\u00e9cole \u00bb.<\/p>\n\n\n\n<p>Une enseignante Grazena intervient dans les classes de l\u2019\u00e9cole les jeudis. C\u2019est avec elle que sont pr\u00e9par\u00e9s une partie des spectacles de fin d\u2019ann\u00e9e qui cl\u00f4turent une ann\u00e9e de travail.<\/p>\n","protected":false},"excerpt":{"rendered":"<p>Le sport \u00e0 St Joseph Motricit\u00e9 : S\u00e9ances de motricit\u00e9 pour les classes maternelles assur\u00e9es par les enseignantes. Education physique et sportive : Du CP [&hellip;]<\/p>\n","protected":false},"author":2,"featured_media":0,"parent":0,"menu_order":0,"comment_status":"closed","ping_status":"closed","template":"","meta":[],"_links":{"self":[{"href":"https:\/\/www.ecolesaintjosephdardilly.fr\/index.php\/wp-json\/wp\/v2\/pages\/148"}],"collection":[{"href":"https:\/\/www.ecolesaintjosephdardilly.fr\/index.php\/wp-json\/wp\/v2\/pages"}],"about":[{"href":"https:\/\/www.ecolesaintjosephdardilly.fr\/index.php\/wp-json\/wp\/v2\/types\/page"}],"author":[{"embeddable":true,"href":"https:\/\/www.ecolesaintjosephdardilly.fr\/index.php\/wp-json\/wp\/v2\/users\/2"}],"replies":[{"embeddable":true,"href":"https:\/\/www.ecolesaintjosephdardilly.fr\/index.php\/wp-json\/wp\/v2\/comments?post=148"}],"version-history":[{"count":11,"href":"https:\/\/www.ecolesaintjosephdardilly.fr\/index.php\/wp-json\/wp\/v2\/pages\/148\/revisions"}],"predecessor-version":[{"id":944,"href":"https:\/\/www.ecolesaintjosephdardilly.fr\/index.php\/wp-json\/wp\/v2\/pages\/148\/revisions\/944"}],"wp:attachment":[{"href":"https:\/\/www.ecolesaintjosephdardilly.fr\/index.php\/wp-json\/wp\/v2\/media?parent=148"}],"curies":[{"name":"wp","href":"https:\/\/api.w.org\/{rel}","templated":true}]}}