{"id":152,"date":"2022-03-28T22:18:30","date_gmt":"2022-03-28T20:18:30","guid":{"rendered":"http:\/\/new.ecolesaintjosephdardilly.fr\/?page_id=152"},"modified":"2024-07-16T21:34:36","modified_gmt":"2024-07-16T19:34:36","slug":"les-services","status":"publish","type":"page","link":"https:\/\/www.ecolesaintjosephdardilly.fr\/index.php\/les-services\/","title":{"rendered":"Les services"},"content":{"rendered":"\n<h2 class=\"wp-block-heading\">La restauration scolaire<\/h2>\n\n\n\n<p>Le service de restauration de l&#8217;\u00e9cole est en mode self \u00e0 partir de la GS (\u00e0 la Toussaint).<\/p>\n\n\n<div class=\"wp-block-image\">\n<figure class=\"aligncenter size-large is-resized\"><img decoding=\"async\" loading=\"lazy\" src=\"https:\/\/new.ecolesaintjosephdardilly.fr\/wp-content\/uploads\/2023\/07\/20230626_121252-576x1024.jpg\" alt=\"\" class=\"wp-image-659\" width=\"217\" height=\"386\" srcset=\"https:\/\/www.ecolesaintjosephdardilly.fr\/wp-content\/uploads\/2023\/07\/20230626_121252-576x1024.jpg 576w, https:\/\/www.ecolesaintjosephdardilly.fr\/wp-content\/uploads\/2023\/07\/20230626_121252-169x300.jpg 169w, https:\/\/www.ecolesaintjosephdardilly.fr\/wp-content\/uploads\/2023\/07\/20230626_121252-768x1365.jpg 768w, https:\/\/www.ecolesaintjosephdardilly.fr\/wp-content\/uploads\/2023\/07\/20230626_121252-864x1536.jpg 864w, https:\/\/www.ecolesaintjosephdardilly.fr\/wp-content\/uploads\/2023\/07\/20230626_121252-rotated.jpg 1125w\" sizes=\"(max-width: 217px) 100vw, 217px\" \/><\/figure><\/div>\n\n\n<p><u><strong>Cantine<\/strong><\/u><\/p>\n\n\n\n<p>Les repas se d\u00e9roulent en trois services. Les inscriptions se font au trimestre sans possibilit\u00e9 d&#8217;annulation, il y a une possibilit\u00e9 d&#8217;apporter un repas de mani\u00e8re exceptionnelle (voir contrat financier).<\/p>\n\n\n<div class=\"wp-block-image\">\n<figure class=\"aligncenter size-large is-resized\"><img decoding=\"async\" loading=\"lazy\" src=\"https:\/\/new.ecolesaintjosephdardilly.fr\/wp-content\/uploads\/2023\/07\/20230626_121324-1024x576.jpg\" alt=\"\" class=\"wp-image-608\" width=\"651\" height=\"366\" srcset=\"https:\/\/www.ecolesaintjosephdardilly.fr\/wp-content\/uploads\/2023\/07\/20230626_121324-1024x576.jpg 1024w, https:\/\/www.ecolesaintjosephdardilly.fr\/wp-content\/uploads\/2023\/07\/20230626_121324-300x169.jpg 300w, https:\/\/www.ecolesaintjosephdardilly.fr\/wp-content\/uploads\/2023\/07\/20230626_121324-768x432.jpg 768w, https:\/\/www.ecolesaintjosephdardilly.fr\/wp-content\/uploads\/2023\/07\/20230626_121324-1536x864.jpg 1536w, https:\/\/www.ecolesaintjosephdardilly.fr\/wp-content\/uploads\/2023\/07\/20230626_121324.jpg 2000w\" sizes=\"(max-width: 651px) 100vw, 651px\" \/><figcaption class=\"wp-element-caption\">Fatima et Nassabia Ahamada service et plonge<\/figcaption><\/figure><\/div>\n\n\n<h2 class=\"wp-block-heading\"><strong>L&#8217;accueil du matin<\/strong><\/h2>\n\n\n\n<p>L\u2019accueil du matin&nbsp;est assur\u00e9 pour tous les enfants \u00e0 partir de 7h30 jusqu&#8217;\u00e0 8h00. <strong><em>Ce service<\/em><\/strong> n\u00e9cessite  une inscription pr\u00e9alable, comme celle du soir (sur &#8220;Ecole directe&#8221;, la veille avant 21h). L&#8217;enfant doit \u00eatre accompagn\u00e9 jusqu&#8217;\u00e0 la garderie aupr\u00e8s de la Responsable.<\/p>\n\n\n\n<h2 class=\"wp-block-heading\"><strong>L&#8217;accueil du soir<\/strong><\/h2>\n\n\n\n<ul>\n<li>Jusqu&#8217;\u00e0 la Grande Section, la garderie du soir est assur\u00e9e de 16h45 jusqu&#8217;\u00e0 18h15 pr\u00e9cises. Les parents ont la possibilit\u00e9 de venir chercher leur enfant \u00e0 17h30\/35 ou 18h\/18h15. <\/li>\n\n\n\n<li>A partir du CP, une \u00e9tude surveill\u00e9e est assur\u00e9e de 16h45 \u00e0 17h30 Les enfants rejoignent ensuite la garderie jusqu&#8217;\u00e0 18h15 pr\u00e9cises. Les parents ont la possibilit\u00e9 de venir chercher leur enfant \u00e0  17h30\/17h40 ou 18h\/18h15. <\/li>\n<\/ul>\n","protected":false},"excerpt":{"rendered":"<p>La restauration scolaire Le service de restauration de l&#8217;\u00e9cole est en mode self \u00e0 partir de la GS (\u00e0 la Toussaint). Cantine Les repas se [&hellip;]<\/p>\n","protected":false},"author":2,"featured_media":0,"parent":0,"menu_order":0,"comment_status":"closed","ping_status":"closed","template":"","meta":[],"_links":{"self":[{"href":"https:\/\/www.ecolesaintjosephdardilly.fr\/index.php\/wp-json\/wp\/v2\/pages\/152"}],"collection":[{"href":"https:\/\/www.ecolesaintjosephdardilly.fr\/index.php\/wp-json\/wp\/v2\/pages"}],"about":[{"href":"https:\/\/www.ecolesaintjosephdardilly.fr\/index.php\/wp-json\/wp\/v2\/types\/page"}],"author":[{"embeddable":true,"href":"https:\/\/www.ecolesaintjosephdardilly.fr\/index.php\/wp-json\/wp\/v2\/users\/2"}],"replies":[{"embeddable":true,"href":"https:\/\/www.ecolesaintjosephdardilly.fr\/index.php\/wp-json\/wp\/v2\/comments?post=152"}],"version-history":[{"count":14,"href":"https:\/\/www.ecolesaintjosephdardilly.fr\/index.php\/wp-json\/wp\/v2\/pages\/152\/revisions"}],"predecessor-version":[{"id":823,"href":"https:\/\/www.ecolesaintjosephdardilly.fr\/index.php\/wp-json\/wp\/v2\/pages\/152\/revisions\/823"}],"wp:attachment":[{"href":"https:\/\/www.ecolesaintjosephdardilly.fr\/index.php\/wp-json\/wp\/v2\/media?parent=152"}],"curies":[{"name":"wp","href":"https:\/\/api.w.org\/{rel}","templated":true}]}}