{"id":183,"date":"2022-03-28T23:08:09","date_gmt":"2022-03-28T21:08:09","guid":{"rendered":"http:\/\/new.ecolesaintjosephdardilly.fr\/?page_id=183"},"modified":"2022-03-28T23:16:28","modified_gmt":"2022-03-28T21:16:28","slug":"apel","status":"publish","type":"page","link":"https:\/\/www.ecolesaintjosephdardilly.fr\/index.php\/apel\/","title":{"rendered":"Apel"},"content":{"rendered":"\n<h2 class=\"wp-block-heading\">Mot de l&#8217;APEL<\/h2>\n\n\n\n<p>L\u2019APEL, l\u2019Association des Parents d\u2019\u00e9l\u00e8ves de l\u2019Enseignement Libre, c\u2019est avant tout une \u00e9quipe de<br>parents b\u00e9n\u00e9voles qui participe concr\u00e8tement \u00e0 la vie et \u00e0 l\u2019animation de l\u2019\u00e9tablissement&nbsp;:<\/p>\n\n\n\n<ul><li>Accueil des nouveaux parents<\/li><li>Soutien au projet p\u00e9dagogique<\/li><li>Actions de solidarit\u00e9<\/li><li>Organisation de la f\u00eate de l\u2019\u00e9cole, de conf\u00e9rences et de d\u00e9bats sur des sujets \u00e9ducatifs qui int\u00e9ressent les parents<\/li><\/ul>\n\n\n\n<p><br>L\u2019APEL, c\u2019est aussi la plus importante association nationale de parents d\u2019\u00e9l\u00e8ves, avec ses plus de<br>950&nbsp;000 adh\u00e9rents&nbsp;! Il s\u2019agit de la seule association de parents b\u00e9n\u00e9voles reconnue par l\u2019Enseignement Catholique, aux cinq missions essentielles&nbsp;:*<\/p>\n\n\n\n<ul><li>D\u00e9fendre la libert\u00e9 d\u2019enseignement et le libre choix de l\u2019\u00e9cole<\/li><li>Repr\u00e9senter les parents d\u2019\u00e9l\u00e8ves vis-\u00e0-vis de l\u2019institution scolaire et des pouvoirs publics<\/li><li>Participer au d\u00e9bat \u00e9ducatif<\/li><li>Soutenir les parents dans les domaines de l\u2019\u00e9ducation et de la scolarit\u00e9<\/li><li>Participer \u00e0 la vie et \u00e0 l\u2019animation des \u00e9tablissements scolaires<\/li><\/ul>\n\n\n\n<p><br>Le projet du mouvement des APEL est r\u00e9sum\u00e9 dans la phrase suivante&nbsp;: <\/p>\n\n\n\n<p><\/p>\n\n\n\n<figure class=\"wp-block-pullquote\"><blockquote><p>\u00ab&nbsp;Le mouvement des Apel repr\u00e9sente les familles qui, dans la diversit\u00e9 de leurs identit\u00e9s sociales, culturelles, politiques, philosophiques ou religieuses, ont librement choisi de confier leurs enfants \u00e0 un \u00e9tablissement catholique d\u2019enseignement.&nbsp;\u00bb<\/p><\/blockquote><\/figure>\n","protected":false},"excerpt":{"rendered":"<p>Mot de l&#8217;APEL L\u2019APEL, l\u2019Association des Parents d\u2019\u00e9l\u00e8ves de l\u2019Enseignement Libre, c\u2019est avant tout une \u00e9quipe deparents b\u00e9n\u00e9voles qui participe concr\u00e8tement \u00e0 la vie et [&hellip;]<\/p>\n","protected":false},"author":2,"featured_media":0,"parent":0,"menu_order":0,"comment_status":"closed","ping_status":"closed","template":"","meta":[],"_links":{"self":[{"href":"https:\/\/www.ecolesaintjosephdardilly.fr\/index.php\/wp-json\/wp\/v2\/pages\/183"}],"collection":[{"href":"https:\/\/www.ecolesaintjosephdardilly.fr\/index.php\/wp-json\/wp\/v2\/pages"}],"about":[{"href":"https:\/\/www.ecolesaintjosephdardilly.fr\/index.php\/wp-json\/wp\/v2\/types\/page"}],"author":[{"embeddable":true,"href":"https:\/\/www.ecolesaintjosephdardilly.fr\/index.php\/wp-json\/wp\/v2\/users\/2"}],"replies":[{"embeddable":true,"href":"https:\/\/www.ecolesaintjosephdardilly.fr\/index.php\/wp-json\/wp\/v2\/comments?post=183"}],"version-history":[{"count":2,"href":"https:\/\/www.ecolesaintjosephdardilly.fr\/index.php\/wp-json\/wp\/v2\/pages\/183\/revisions"}],"predecessor-version":[{"id":213,"href":"https:\/\/www.ecolesaintjosephdardilly.fr\/index.php\/wp-json\/wp\/v2\/pages\/183\/revisions\/213"}],"wp:attachment":[{"href":"https:\/\/www.ecolesaintjosephdardilly.fr\/index.php\/wp-json\/wp\/v2\/media?parent=183"}],"curies":[{"name":"wp","href":"https:\/\/api.w.org\/{rel}","templated":true}]}}