{"id":191,"date":"2022-03-28T23:14:42","date_gmt":"2022-03-28T21:14:42","guid":{"rendered":"http:\/\/new.ecolesaintjosephdardilly.fr\/?page_id=191"},"modified":"2023-07-07T16:38:03","modified_gmt":"2023-07-07T14:38:03","slug":"les-horaires","status":"publish","type":"page","link":"https:\/\/www.ecolesaintjosephdardilly.fr\/index.php\/les-horaires\/","title":{"rendered":"Les horaires"},"content":{"rendered":"\n<p><strong><em>Horaires de l\u2019\u00e9cole&nbsp;<\/em><\/strong><\/p>\n\n\n\n<p>L\u2019\u00e9cole suit le rythme de la semaine de quatre jours. Les enfants ont donc classe le lundi, le mardi, le jeudi et le vendredi selon les horaires suivants&nbsp;:<\/p>\n\n\n\n<p>8h20 \u00e0 8h30&nbsp;&nbsp;&nbsp;&nbsp;&nbsp;&nbsp; accueil du matin<\/p>\n\n\n\n<p>11h40&nbsp;&nbsp;&nbsp;&nbsp;&nbsp;&nbsp;&nbsp;&nbsp;&nbsp;&nbsp;&nbsp;&nbsp;&nbsp;&nbsp;&nbsp;&nbsp; sortie<\/p>\n\n\n\n<p>13h20 \u00e0 13h30&nbsp;&nbsp;&nbsp;&nbsp;accueil du midi<\/p>\n\n\n\n<p>16h30&nbsp;&nbsp;&nbsp;&nbsp;&nbsp;&nbsp;&nbsp;&nbsp;&nbsp;&nbsp;&nbsp;&nbsp;&nbsp;&nbsp;&nbsp;&nbsp; sortie de fin d\u2019apr\u00e8s-midi<\/p>\n\n\n\n<p><strong>Il est imp\u00e9ratif que les \u00e9l\u00e8ves soient tous en classe install\u00e9s \u00e0 8h30 et 13H30.<\/strong><\/p>\n\n\n\n<p><\/p>\n\n\n\n<p><\/p>\n\n\n\n<p><\/p>\n\n\n\n<p><\/p>\n\n\n\n<p><\/p>\n\n\n\n<p><em>Cantine<\/em> :<\/p>\n\n\n\n<p><\/p>\n\n\n\n<p><\/p>\n\n\n\n<p><\/p>\n\n\n\n<p><\/p>\n\n\n\n<p><\/p>\n\n\n\n<p><\/p>\n\n\n\n<p><\/p>\n\n\n\n<p><\/p>\n\n\n\n<p><\/p>\n\n\n\n<p><\/p>\n\n\n\n<p><\/p>\n\n\n\n<p><\/p>\n\n\n\n<p><\/p>\n\n\n\n<p><\/p>\n","protected":false},"excerpt":{"rendered":"<p>Horaires de l\u2019\u00e9cole&nbsp; L\u2019\u00e9cole suit le rythme de la semaine de quatre jours. Les enfants ont donc classe le lundi, le mardi, le jeudi et [&hellip;]<\/p>\n","protected":false},"author":2,"featured_media":0,"parent":0,"menu_order":0,"comment_status":"closed","ping_status":"closed","template":"","meta":[],"_links":{"self":[{"href":"https:\/\/www.ecolesaintjosephdardilly.fr\/index.php\/wp-json\/wp\/v2\/pages\/191"}],"collection":[{"href":"https:\/\/www.ecolesaintjosephdardilly.fr\/index.php\/wp-json\/wp\/v2\/pages"}],"about":[{"href":"https:\/\/www.ecolesaintjosephdardilly.fr\/index.php\/wp-json\/wp\/v2\/types\/page"}],"author":[{"embeddable":true,"href":"https:\/\/www.ecolesaintjosephdardilly.fr\/index.php\/wp-json\/wp\/v2\/users\/2"}],"replies":[{"embeddable":true,"href":"https:\/\/www.ecolesaintjosephdardilly.fr\/index.php\/wp-json\/wp\/v2\/comments?post=191"}],"version-history":[{"count":5,"href":"https:\/\/www.ecolesaintjosephdardilly.fr\/index.php\/wp-json\/wp\/v2\/pages\/191\/revisions"}],"predecessor-version":[{"id":657,"href":"https:\/\/www.ecolesaintjosephdardilly.fr\/index.php\/wp-json\/wp\/v2\/pages\/191\/revisions\/657"}],"wp:attachment":[{"href":"https:\/\/www.ecolesaintjosephdardilly.fr\/index.php\/wp-json\/wp\/v2\/media?parent=191"}],"curies":[{"name":"wp","href":"https:\/\/api.w.org\/{rel}","templated":true}]}}