{"id":197,"date":"2022-03-28T23:14:42","date_gmt":"2022-03-28T21:14:42","guid":{"rendered":"http:\/\/new.ecolesaintjosephdardilly.fr\/?page_id=197"},"modified":"2025-07-05T12:13:07","modified_gmt":"2025-07-05T10:13:07","slug":"les-grandes-dates-de-lannee","status":"publish","type":"page","link":"https:\/\/www.ecolesaintjosephdardilly.fr\/index.php\/les-grandes-dates-de-lannee\/","title":{"rendered":"Les grandes dates de l&#8217;ann\u00e9e"},"content":{"rendered":"<div class=\"wp-block-image\">\n<figure class=\"aligncenter size-full\"><img decoding=\"async\" loading=\"lazy\" width=\"486\" height=\"149\" src=\"https:\/\/new.ecolesaintjosephdardilly.fr\/wp-content\/uploads\/2023\/07\/LogoStJo.jpg\" alt=\"\" class=\"wp-image-631\" srcset=\"https:\/\/www.ecolesaintjosephdardilly.fr\/wp-content\/uploads\/2023\/07\/LogoStJo.jpg 486w, https:\/\/www.ecolesaintjosephdardilly.fr\/wp-content\/uploads\/2023\/07\/LogoStJo-300x92.jpg 300w\" sizes=\"(max-width: 486px) 100vw, 486px\" \/><\/figure><\/div>\n\n\n<figure class=\"wp-block-table\"><table><tbody><tr><td><strong>\u00c9cole Saint Joseph <\/strong><strong>9 rue du Cur\u00e9 d\u2019Ars <\/strong><strong>69570 DARDILLY<\/strong>&nbsp;<\/td><\/tr><\/tbody><\/table><\/figure>\n\n\n\n<figure class=\"wp-block-table\"><table><tbody><tr><td class=\"has-text-align-center\" data-align=\"center\"><strong>Calendrier scolaire 2025\/202<\/strong>6<\/td><\/tr><\/tbody><\/table><\/figure>\n\n\n\n<div class=\"wp-block-file\"><a id=\"wp-block-file--media-bdc18a4a-d71e-49ff-9b65-7d0aec831e31\" href=\"https:\/\/www.ecolesaintjosephdardilly.fr\/wp-content\/uploads\/2025\/07\/dates-scolaires.docx\">dates-scolaires<\/a><a href=\"https:\/\/www.ecolesaintjosephdardilly.fr\/wp-content\/uploads\/2025\/07\/dates-scolaires.docx\" class=\"wp-block-file__button wp-element-button\" download aria-describedby=\"wp-block-file--media-bdc18a4a-d71e-49ff-9b65-7d0aec831e31\">Download<\/a><\/div>\n\n\n\n<figure class=\"wp-block-table\"><table><tbody><tr><td class=\"has-text-align-center\" data-align=\"center\"><strong>Calendrier scolaire 2025\/2026<\/strong>&nbsp;<\/td><\/tr><\/tbody><\/table><\/figure>\n\n\n\n<p>Les vacances pour l\u2019\u00e9cole Saint-Joseph sont fix\u00e9es sur les dates suivantes.&nbsp;<\/p>\n\n\n\n<figure class=\"wp-block-table\"><table><tbody><tr><td>&nbsp;<\/td><td>Date de sortie \u00e0 16h30<\/td><td>Date de retour \u00e0 8h30<\/td><\/tr><tr><td>Rentr\u00e9e des classes<\/td><td>&nbsp;<\/td><td>Lundi 1<sup>er<\/sup> &nbsp;septembre 2025 *<\/td><\/tr><tr><td>Vacances de la Toussaint<\/td><td>Vendredi 17 octobre 2025<\/td><td>Lundi 3 novembre 2025<\/td><\/tr><tr><td>Vacances de No\u00ebl<\/td><td>Vendredi 19 d\u00e9cembre 2025<\/td><td>Lundi 5 janvier 2026<\/td><\/tr><tr><td>Vacances de F\u00e9vrier<\/td><td>Vendredi 6 f\u00e9vrier 2026<\/td><td>Lundi 23 f\u00e9vrier 2026<\/td><\/tr><tr><td>Vacances de P\u00e2ques<\/td><td>Vendredi 3 avril 2025<\/td><td>Lundi 20 avril 2026<\/td><\/tr><tr><td>Vacances d\u2019\u00e9t\u00e9<\/td><td><strong>Mardi &nbsp;30 juin 2026<\/strong><strong><\/strong><\/td><td>&nbsp;<\/td><\/tr><\/tbody><\/table><\/figure>\n\n\n\n<ul>\n<li>\u00ab&nbsp;Pont Ascension&nbsp;\u00bb&nbsp;: jeudi 14 mai et vendredi 15 mai , les \u00e9l\u00e8ves n\u2019auront pas classe<\/li>\n\n\n\n<li><strong>Il y aura &nbsp;classe 3 samedis en matin\u00e9e, et une soir\u00e9e&nbsp;: ce sont des <u>demi-journ\u00e9es obligatoires.<\/u><\/strong><\/li>\n\n\n\n<li>13 d\u00e9cembre 2025&nbsp;: 8h30-11h30 (matin\u00e9e de classe + c\u00e9l\u00e9bration de No\u00ebl+ march\u00e9 de No\u00ebl)<\/li>\n\n\n\n<li>28 mars &nbsp;2026 : 9h\/12h (matin\u00e9e course solidaire)<\/li>\n\n\n\n<li>A pr\u00e9ciser&nbsp;: &nbsp;\u00e9v\u00e9nement organis\u00e9 avec les \u00e9l\u00e8ves sur le th\u00e8me de l\u2019ann\u00e9e<\/li>\n\n\n\n<li>27 juin 2026&nbsp;: kermesse<\/li>\n<\/ul>\n\n\n\n<p><strong><u>Quelques infos importantes pour l\u2019an prochain&nbsp;:<\/u><\/strong><strong><u><\/u><\/strong><\/p>\n\n\n\n<ul>\n<li>Ap\u00e9ritif de rentr\u00e9e le vendredi 29 ao\u00fbt 17h30 (pour les nouvelles familles) \/ 18h (accueil de toutes les familles) dans &nbsp;la cour.&nbsp;<\/li>\n\n\n\n<li><\/li>\n<\/ul>\n\n\n\n<p>Rentr\u00e9e des classes le lundi 1<sup>er<\/sup> septembre \u00e0 8h20. *Rentr\u00e9e \u00e9chelonn\u00e9e pour la petite section, cf mail de S. Varlet.<\/p>\n\n\n\n<ul>\n<li><strong>PAS DE GARDERIE CE MATIN- L\u00c0.<\/strong><strong><\/strong><\/li>\n<\/ul>\n\n\n\n<p><strong><u>R\u00e9unions de parents 18H15 sans enfants\u00a0:<\/u><\/strong><\/p>\n\n\n\n<ul>\n<li>Petite section&nbsp;: &nbsp;&nbsp;jeudi 18 septembre&nbsp;<\/li>\n\n\n\n<li>Moyenne section et Grande section&nbsp;: jeudi 4 septembre&nbsp;<\/li>\n\n\n\n<li>CP&nbsp;; CP\/CE1&nbsp;; CE1\/CE2 : mardi 9 septembre&nbsp;:<\/li>\n\n\n\n<li>CE2, CM1, CM1\/CM2 et CM2 : mardi&nbsp; 16 septembre&nbsp;<br><br><\/li>\n<\/ul>\n\n\n\n<p>Et en plus \u2026<\/p>\n\n\n\n<ul>\n<li>Dimanche 7 septembre : pique-nique de rentr\u00e9e au Fort du Paillet pour toutes les familles<\/li>\n\n\n\n<li>Vendredi 12 septembre&nbsp;: photographies de classes<\/li>\n\n\n\n<li>Jeudi 25 septembre : AG de l&#8217;APEL<\/li>\n\n\n\n<li>Mardi 30 septembre : b\u00e9n\u00e9diction de rentr\u00e9e 15h30<\/li>\n\n\n\n<li>Vendredi 10 octobre : d\u00eener de rentr\u00e9e des parents<\/li>\n\n\n\n<li>Samedi 13 d\u00e9cembre : c\u00e9l\u00e9bration de No\u00ebl 10h30 puis march\u00e9 de No\u00ebl&nbsp;<\/li>\n\n\n\n<li>Jeudi 19 mars 15h30&nbsp;: c\u00e9l\u00e9bration de la Saint-Joseph&nbsp;<\/li>\n\n\n\n<li>Samedi 28 mars: course solidaire<\/li>\n\n\n\n<li>A pr\u00e9ciser : journ\u00e9e anglaise.<\/li>\n\n\n\n<li>Mardi 23 juin&nbsp;: 9h Messe de fin d\u2019ann\u00e9e&nbsp;<\/li>\n\n\n\n<li><strong>27 juin&nbsp;: KERMESSE \u00e0 la BEFFE<\/strong><strong>.<\/strong><\/li>\n<\/ul>\n\n\n\n<p><strong>&nbsp;<\/strong><\/p>\n","protected":false},"excerpt":{"rendered":"<p>\u00c9cole Saint Joseph 9 rue du Cur\u00e9 d\u2019Ars 69570 DARDILLY&nbsp; Calendrier scolaire 2025\/2026 Calendrier scolaire 2025\/2026&nbsp; Les vacances pour l\u2019\u00e9cole Saint-Joseph sont fix\u00e9es sur les [&hellip;]<\/p>\n","protected":false},"author":2,"featured_media":625,"parent":0,"menu_order":0,"comment_status":"closed","ping_status":"closed","template":"","meta":[],"_links":{"self":[{"href":"https:\/\/www.ecolesaintjosephdardilly.fr\/index.php\/wp-json\/wp\/v2\/pages\/197"}],"collection":[{"href":"https:\/\/www.ecolesaintjosephdardilly.fr\/index.php\/wp-json\/wp\/v2\/pages"}],"about":[{"href":"https:\/\/www.ecolesaintjosephdardilly.fr\/index.php\/wp-json\/wp\/v2\/types\/page"}],"author":[{"embeddable":true,"href":"https:\/\/www.ecolesaintjosephdardilly.fr\/index.php\/wp-json\/wp\/v2\/users\/2"}],"replies":[{"embeddable":true,"href":"https:\/\/www.ecolesaintjosephdardilly.fr\/index.php\/wp-json\/wp\/v2\/comments?post=197"}],"version-history":[{"count":9,"href":"https:\/\/www.ecolesaintjosephdardilly.fr\/index.php\/wp-json\/wp\/v2\/pages\/197\/revisions"}],"predecessor-version":[{"id":942,"href":"https:\/\/www.ecolesaintjosephdardilly.fr\/index.php\/wp-json\/wp\/v2\/pages\/197\/revisions\/942"}],"wp:featuredmedia":[{"embeddable":true,"href":"https:\/\/www.ecolesaintjosephdardilly.fr\/index.php\/wp-json\/wp\/v2\/media\/625"}],"wp:attachment":[{"href":"https:\/\/www.ecolesaintjosephdardilly.fr\/index.php\/wp-json\/wp\/v2\/media?parent=197"}],"curies":[{"name":"wp","href":"https:\/\/api.w.org\/{rel}","templated":true}]}}