{"id":198,"date":"2022-03-28T23:14:42","date_gmt":"2022-03-28T21:14:42","guid":{"rendered":"http:\/\/new.ecolesaintjosephdardilly.fr\/?page_id=198"},"modified":"2025-07-05T12:14:23","modified_gmt":"2025-07-05T10:14:23","slug":"rgpd","status":"publish","type":"page","link":"https:\/\/www.ecolesaintjosephdardilly.fr\/index.php\/rgpd\/","title":{"rendered":"RGPD"},"content":{"rendered":"\n<p><strong>Droit d\u2019acc\u00e8s aux informations recueillies RGPD<\/strong><\/p>\n\n\n\n<p>Entre&nbsp;:<\/p>\n\n\n\n<p>L\u2019\u00e9tablissement Saint Joseph, 9 rue du Cur\u00e9 d\u2019Ars 69570 Dardilly, repr\u00e9sent\u00e9 par Mme Sandrine VARLET Chef d\u2019\u00e9tablissement, M. Julien OGIER, Pr\u00e9sident de l\u2019association des parents d\u2019\u00e9l\u00e8ves et M. Louis de CHANTERAC, Pr\u00e9sident d\u2019OGEC<\/p>\n\n\n\n<p>Et<\/p>\n\n\n\n<p>Vous-m\u00eame, d\u00e9sign\u00e9s ci-dessous \u00ab&nbsp; les parents&nbsp;\u00bb<\/p>\n\n\n\n<p>Il est convenu ce qui suit&nbsp;:<\/p>\n\n\n\n<p>Le pr\u00e9sent avenant a pour objet de mettre en conformit\u00e9 la convention de scolarisation avec le r\u00e8glement G\u00e9n\u00e9ral de Protection des Donn\u00e9es (RGPD), en vigueur depuis le 25 mai 2018.<\/p>\n\n\n\n<p>ARTICLE UNIQUE \u2013 DROIT D\u2019ACCES AUX INFORMATIONS RECUEILLIES<\/p>\n\n\n\n<p>Les informations recueillies dans le cadre de la convention de scolarisation et de ses annexes sont obligatoires pour l\u2019inscription dans l\u2019\u00e9tablissement. Elles font l\u2019objet de traitement informatiques. Seules les donn\u00e9es r\u00e9pondant \u00e0 des obligations l\u00e9gales de conservation ou d\u2019archivage sont conserv\u00e9es, au d\u00e9part de l\u2019\u00e9l\u00e8ve, dans le dossier de l\u2019\u00e9tablissement.<\/p>\n\n\n\n<p>Les donn\u00e9es \u00e0 caract\u00e8re personnel sont transmises, \u00e0 leur demande au rectorat de l\u2019acad\u00e9mie ainsi qu\u2019aux organismes de l\u2019Enseignement Catholiques auxquels est li\u00e9e l\u2019\u00e9cole Saint Joseph.<\/p>\n\n\n\n<p>Les noms, pr\u00e9noms et coordonn\u00e9es de l\u2019\u00e9l\u00e8ve et de ses responsables l\u00e9gaux, adh\u00e9rents de l\u2019APEL Saint Joseph, sont \u00e9galement transmis \u00e0 l\u2019association de parents d\u2019\u00e9l\u00e8ves.<\/p>\n\n\n\n<p>Les parents autorisent \u00e9galement l\u2019\u00e9tablissement \u00e0 gracieusement diffuser ou reproduire pour sa communication interne et externe et \u00e0 tous usages les photos ou vid\u00e9o repr\u00e9sentant leur enfant. Cette autorisation est donn\u00e9e pour tout type de support \u00e9crit et \u00e9lectronique et pour une dur\u00e9e ind\u00e9termin\u00e9e.<\/p>\n\n\n\n<p>L\u2019utilisation de ces donn\u00e9es se fera dans le respect du cadre l\u00e9gal et vous ouvre les droits suivants&nbsp;:<\/p>\n\n\n\n<ul>\n<li>Le droit \u00e0 l&#8217;effacement des donn\u00e9es, si l&#8217;\u00e9l\u00e8ve quitte l&#8217;\u00e9tablissement<\/li>\n\n\n\n<li>Le droit \u00e0 la rectification si celui-ci est en d\u00e9saccord sur la mani\u00e8re dont il peut \u00eatre pr\u00e9sent\u00e9<\/li>\n\n\n\n<li>Le droit \u00e0 limiter l&#8217;utilisation de ses donn\u00e9es<\/li>\n\n\n\n<li>Le droit \u00e0 la portabilit\u00e9 de ses donn\u00e9es personnelles : chaque fin d\u2019ann\u00e9e, les listes seront d\u00e9truites.<\/li>\n<\/ul>\n\n\n\n<p>Pour toutes demandes dans ce sens, merci de contacter le chef d&#8217;\u00e9tablissement de l\u2019\u00e9cole \u00e0 l\u2019adresse suivante&nbsp;:<\/p>\n\n\n\n<p><a href=\"mailto:ecole@esjd.fr\">ecole@esjd.fr<\/a><\/p>\n\n\n\n<p>Sandrine Varlet, chef d\u2019\u00e9tablissement<\/p>\n\n\n\n<p>Louis de Chant\u00e9rac, Pr\u00e9sident de l&#8217;O.G.E.C.<\/p>\n\n\n\n<p>L\u2019OGEC Saint Joseph&nbsp;: Organisme de Gestion de l\u2019\u00c9cole Catholique<\/p>\n\n\n\n<p>Association loi 1901 compos\u00e9e de parents d\u2019\u00e9l\u00e8ves charg\u00e9e de la gestion de l\u2019\u00c9cole en liaison avec le chef d\u2019\u00c9tablissement.<\/p>\n","protected":false},"excerpt":{"rendered":"<p>Droit d\u2019acc\u00e8s aux informations recueillies RGPD Entre&nbsp;: L\u2019\u00e9tablissement Saint Joseph, 9 rue du Cur\u00e9 d\u2019Ars 69570 Dardilly, repr\u00e9sent\u00e9 par Mme Sandrine VARLET Chef d\u2019\u00e9tablissement, M. [&hellip;]<\/p>\n","protected":false},"author":2,"featured_media":0,"parent":0,"menu_order":0,"comment_status":"closed","ping_status":"closed","template":"","meta":[],"_links":{"self":[{"href":"https:\/\/www.ecolesaintjosephdardilly.fr\/index.php\/wp-json\/wp\/v2\/pages\/198"}],"collection":[{"href":"https:\/\/www.ecolesaintjosephdardilly.fr\/index.php\/wp-json\/wp\/v2\/pages"}],"about":[{"href":"https:\/\/www.ecolesaintjosephdardilly.fr\/index.php\/wp-json\/wp\/v2\/types\/page"}],"author":[{"embeddable":true,"href":"https:\/\/www.ecolesaintjosephdardilly.fr\/index.php\/wp-json\/wp\/v2\/users\/2"}],"replies":[{"embeddable":true,"href":"https:\/\/www.ecolesaintjosephdardilly.fr\/index.php\/wp-json\/wp\/v2\/comments?post=198"}],"version-history":[{"count":4,"href":"https:\/\/www.ecolesaintjosephdardilly.fr\/index.php\/wp-json\/wp\/v2\/pages\/198\/revisions"}],"predecessor-version":[{"id":943,"href":"https:\/\/www.ecolesaintjosephdardilly.fr\/index.php\/wp-json\/wp\/v2\/pages\/198\/revisions\/943"}],"wp:attachment":[{"href":"https:\/\/www.ecolesaintjosephdardilly.fr\/index.php\/wp-json\/wp\/v2\/media?parent=198"}],"curies":[{"name":"wp","href":"https:\/\/api.w.org\/{rel}","templated":true}]}}