{"id":64,"date":"2021-07-14T18:25:47","date_gmt":"2021-07-14T16:25:47","guid":{"rendered":"http:\/\/new.ecolesaintjosephdardilly.fr\/?page_id=64"},"modified":"2023-07-15T22:07:29","modified_gmt":"2023-07-15T20:07:29","slug":"infos-pratiques","status":"publish","type":"page","link":"https:\/\/www.ecolesaintjosephdardilly.fr\/index.php\/infos-pratiques\/","title":{"rendered":"Infos pratiques"},"content":{"rendered":"\n<p><a href=\"https:\/\/www.ecolesaintjosephdardilly.fr\/index.php\/les-horaires\/\" data-type=\"page\" data-id=\"191\">Les horaires<\/a><\/p>\n\n\n\n<p><a href=\"https:\/\/www.ecolesaintjosephdardilly.fr\/index.php\/les-inscriptions\/\" data-type=\"page\" data-id=\"192\">Les inscriptions<\/a><\/p>\n\n\n\n<p><a href=\"https:\/\/www.ecolesaintjosephdardilly.fr\/index.php\/la-liste-des-fournitures\/\" data-type=\"page\" data-id=\"194\">La liste des fournitures<\/a><\/p>\n\n\n\n<p><a href=\"\/index.php\/le-reglement-interieur\" data-type=\"URL\" data-id=\"\/index.php\/le-reglement-interieur\">Le r\u00e8glement int\u00e9rieur<\/a><\/p>\n\n\n\n<p><a href=\"https:\/\/www.ecolesaintjosephdardilly.fr\/index.php\/liens-utiles\/\" data-type=\"page\" data-id=\"81\">Liens utiles<\/a><\/p>\n\n\n\n<p><a href=\"\/index.php\/les-contacts\/\" data-type=\"URL\" data-id=\"\/index.php\/les-contacts\/\">Les contacts<\/a><\/p>\n\n\n\n<p><a href=\"https:\/\/www.ecolesaintjosephdardilly.fr\/index.php\/les-grandes-dates-de-lannee\/\" data-type=\"page\" data-id=\"197\">Les grandes dates de l&#8217;ann\u00e9e<\/a><\/p>\n\n\n\n<p><a href=\"https:\/\/www.ecolesaintjosephdardilly.fr\/index.php\/rgpd\/\" data-type=\"page\" data-id=\"198\">RGPD<\/a><\/p>\n","protected":false},"excerpt":{"rendered":"<p>Les horaires Les inscriptions La liste des fournitures Le r\u00e8glement int\u00e9rieur Liens utiles Les contacts Les grandes dates de l&#8217;ann\u00e9e RGPD<\/p>\n","protected":false},"author":2,"featured_media":0,"parent":0,"menu_order":0,"comment_status":"closed","ping_status":"closed","template":"","meta":[],"_links":{"self":[{"href":"https:\/\/www.ecolesaintjosephdardilly.fr\/index.php\/wp-json\/wp\/v2\/pages\/64"}],"collection":[{"href":"https:\/\/www.ecolesaintjosephdardilly.fr\/index.php\/wp-json\/wp\/v2\/pages"}],"about":[{"href":"https:\/\/www.ecolesaintjosephdardilly.fr\/index.php\/wp-json\/wp\/v2\/types\/page"}],"author":[{"embeddable":true,"href":"https:\/\/www.ecolesaintjosephdardilly.fr\/index.php\/wp-json\/wp\/v2\/users\/2"}],"replies":[{"embeddable":true,"href":"https:\/\/www.ecolesaintjosephdardilly.fr\/index.php\/wp-json\/wp\/v2\/comments?post=64"}],"version-history":[{"count":5,"href":"https:\/\/www.ecolesaintjosephdardilly.fr\/index.php\/wp-json\/wp\/v2\/pages\/64\/revisions"}],"predecessor-version":[{"id":750,"href":"https:\/\/www.ecolesaintjosephdardilly.fr\/index.php\/wp-json\/wp\/v2\/pages\/64\/revisions\/750"}],"wp:attachment":[{"href":"https:\/\/www.ecolesaintjosephdardilly.fr\/index.php\/wp-json\/wp\/v2\/media?parent=64"}],"curies":[{"name":"wp","href":"https:\/\/api.w.org\/{rel}","templated":true}]}}